{"id":443,"date":"2025-04-13T14:00:28","date_gmt":"2025-04-13T12:00:28","guid":{"rendered":"https:\/\/vinterbadefestival.dk\/beispielseite\/"},"modified":"2025-04-13T16:43:50","modified_gmt":"2025-04-13T14:43:50","slug":"beispielseite","status":"publish","type":"page","link":"https:\/\/vinterbadefestival.dk\/de\/beispielseite\/","title":{"rendered":"Beispielseite"},"content":{"rendered":"\n<p>Dies ist eine Beispielseite. Sie unterscheidet sich von einem Blogbeitrag, weil sie an einem Ort bleibt und in der Navigation Ihrer Website angezeigt wird (in den meisten Themes). Die meisten Menschen beginnen mit einer \u00dcber-Seite, auf der sie sich potenziellen Website-Besuchern vorstellen. Sie k\u00f6nnte zum Beispiel lauten:   <\/p>\n\n<blockquote class=\"wp-block-quote is-layout-flow wp-block-quote-is-layout-flow\"><p>Hallo!!! Tags\u00fcber bin ich Fahrradkurier, nachts aufstrebender Schauspieler, und dies ist meine Website. Ich lebe in Los Angeles, habe einen tollen Hund namens Jack und liebe Pi\u00f1a Coladas (und werde vom Regen \u00fcberrascht.)   <\/p><\/blockquote>\n\n<p>&#8230;oder etwas in dieser Art:<\/p>\n\n<blockquote class=\"wp-block-quote is-layout-flow wp-block-quote-is-layout-flow\"><p>XYZ Dingenot wurde 1971 gegr\u00fcndet und liefert seitdem hochwertige Dingenots an die \u00d6ffentlichkeit. XYZ hat seinen Sitz in Gotham City, besch\u00e4ftigt \u00fcber 2.000 Mitarbeiter und leistet allerlei Erstaunliches f\u00fcr die Gemeinde Gotham. <\/p><\/blockquote>\n\n<p>Als neuer WordPress-Benutzer sollten Sie zu <a href=\"https:\/\/vinterbadefestival.dk\/wp-admin\/\">Ihrem Kontrollzentrum<\/a> gehen, um diese Seite zu l\u00f6schen und neue Seiten f\u00fcr Ihre Inhalte zu erstellen. Viel Spa\u00df damit! <\/p>\n","protected":false},"excerpt":{"rendered":"<p>Dies ist eine Beispielseite. Sie unterscheidet sich von einem Blogbeitrag, weil sie an einem Ort bleibt und in der Navigation Ihrer Website angezeigt wird (in den meisten Themes). Die meisten Menschen beginnen mit einer \u00dcber-Seite, auf der sie sich potenziellen Website-Besuchern vorstellen. Sie k\u00f6nnte zum Beispiel lauten: Hallo!!! Tags\u00fcber bin ich Fahrradkurier, nachts aufstrebender Schauspieler, [&hellip;]<\/p>\n","protected":false},"author":2,"featured_media":0,"parent":0,"menu_order":0,"comment_status":"closed","ping_status":"open","template":"","meta":{"site-sidebar-layout":"default","site-content-layout":"","ast-site-content-layout":"default","site-content-style":"default","site-sidebar-style":"default","ast-global-header-display":"","ast-banner-title-visibility":"","ast-main-header-display":"","ast-hfb-above-header-display":"","ast-hfb-below-header-display":"","ast-hfb-mobile-header-display":"","site-post-title":"","ast-breadcrumbs-content":"","ast-featured-img":"","footer-sml-layout":"","ast-disable-related-posts":"","theme-transparent-header-meta":"","adv-header-id-meta":"","stick-header-meta":"","header-above-stick-meta":"","header-main-stick-meta":"","header-below-stick-meta":"","astra-migrate-meta-layouts":"default","ast-page-background-enabled":"default","ast-page-background-meta":{"desktop":{"background-color":"var(--ast-global-color-4)","background-image":"","background-repeat":"repeat","background-position":"center center","background-size":"auto","background-attachment":"scroll","background-type":"","background-media":"","overlay-type":"","overlay-color":"","overlay-opacity":"","overlay-gradient":""},"tablet":{"background-color":"","background-image":"","background-repeat":"repeat","background-position":"center center","background-size":"auto","background-attachment":"scroll","background-type":"","background-media":"","overlay-type":"","overlay-color":"","overlay-opacity":"","overlay-gradient":""},"mobile":{"background-color":"","background-image":"","background-repeat":"repeat","background-position":"center center","background-size":"auto","background-attachment":"scroll","background-type":"","background-media":"","overlay-type":"","overlay-color":"","overlay-opacity":"","overlay-gradient":""}},"ast-content-background-meta":{"desktop":{"background-color":"var(--ast-global-color-5)","background-image":"","background-repeat":"repeat","background-position":"center center","background-size":"auto","background-attachment":"scroll","background-type":"","background-media":"","overlay-type":"","overlay-color":"","overlay-opacity":"","overlay-gradient":""},"tablet":{"background-color":"var(--ast-global-color-5)","background-image":"","background-repeat":"repeat","background-position":"center center","background-size":"auto","background-attachment":"scroll","background-type":"","background-media":"","overlay-type":"","overlay-color":"","overlay-opacity":"","overlay-gradient":""},"mobile":{"background-color":"var(--ast-global-color-5)","background-image":"","background-repeat":"repeat","background-position":"center center","background-size":"auto","background-attachment":"scroll","background-type":"","background-media":"","overlay-type":"","overlay-color":"","overlay-opacity":"","overlay-gradient":""}},"footnotes":""},"class_list":["post-443","page","type-page","status-publish","hentry"],"yoast_head":"<!-- This site is optimized with the Yoast SEO plugin v27.3 - https:\/\/yoast.com\/product\/yoast-seo-wordpress\/ -->\n<title>Beispielseite - Vinterbadefestival<\/title>\n<meta name=\"robots\" content=\"index, follow, max-snippet:-1, max-image-preview:large, max-video-preview:-1\" \/>\n<link rel=\"canonical\" href=\"https:\/\/vinterbadefestival.dk\/de\/beispielseite\/\" \/>\n<meta property=\"og:locale\" content=\"de_DE\" \/>\n<meta property=\"og:type\" content=\"article\" \/>\n<meta property=\"og:title\" content=\"Beispielseite - Vinterbadefestival\" \/>\n<meta property=\"og:description\" content=\"Dies ist eine Beispielseite. Sie unterscheidet sich von einem Blogbeitrag, weil sie an einem Ort bleibt und in der Navigation Ihrer Website angezeigt wird (in den meisten Themes). Die meisten Menschen beginnen mit einer \u00dcber-Seite, auf der sie sich potenziellen Website-Besuchern vorstellen. Sie k\u00f6nnte zum Beispiel lauten: Hallo!!! Tags\u00fcber bin ich Fahrradkurier, nachts aufstrebender Schauspieler, [&hellip;]\" \/>\n<meta property=\"og:url\" content=\"https:\/\/vinterbadefestival.dk\/de\/beispielseite\/\" \/>\n<meta property=\"og:site_name\" content=\"Vinterbadefestival\" \/>\n<meta property=\"article:modified_time\" content=\"2025-04-13T14:43:50+00:00\" \/>\n<meta name=\"twitter:card\" content=\"summary_large_image\" \/>\n<meta name=\"twitter:label1\" content=\"Gesch\u00e4tzte Lesezeit\" \/>\n\t<meta name=\"twitter:data1\" content=\"1\u00a0Minute\" \/>\n<script type=\"application\/ld+json\" class=\"yoast-schema-graph\">{\"@context\":\"https:\\\/\\\/schema.org\",\"@graph\":[{\"@type\":\"WebPage\",\"@id\":\"https:\\\/\\\/vinterbadefestival.dk\\\/de\\\/beispielseite\\\/\",\"url\":\"https:\\\/\\\/vinterbadefestival.dk\\\/de\\\/beispielseite\\\/\",\"name\":\"Beispielseite - Vinterbadefestival\",\"isPartOf\":{\"@id\":\"https:\\\/\\\/vinterbadefestival.dk\\\/de\\\/#website\"},\"datePublished\":\"2025-04-13T12:00:28+00:00\",\"dateModified\":\"2025-04-13T14:43:50+00:00\",\"breadcrumb\":{\"@id\":\"https:\\\/\\\/vinterbadefestival.dk\\\/de\\\/beispielseite\\\/#breadcrumb\"},\"inLanguage\":\"de\",\"potentialAction\":[{\"@type\":\"ReadAction\",\"target\":[\"https:\\\/\\\/vinterbadefestival.dk\\\/de\\\/beispielseite\\\/\"]}]},{\"@type\":\"BreadcrumbList\",\"@id\":\"https:\\\/\\\/vinterbadefestival.dk\\\/de\\\/beispielseite\\\/#breadcrumb\",\"itemListElement\":[{\"@type\":\"ListItem\",\"position\":1,\"name\":\"Hjem\",\"item\":\"https:\\\/\\\/vinterbadefestival.dk\\\/de\\\/soendervig-winterschwimmfest\\\/\"},{\"@type\":\"ListItem\",\"position\":2,\"name\":\"Beispielseite\"}]},{\"@type\":\"WebSite\",\"@id\":\"https:\\\/\\\/vinterbadefestival.dk\\\/de\\\/#website\",\"url\":\"https:\\\/\\\/vinterbadefestival.dk\\\/de\\\/\",\"name\":\"Vinterbadefestival\",\"description\":\"\",\"potentialAction\":[{\"@type\":\"SearchAction\",\"target\":{\"@type\":\"EntryPoint\",\"urlTemplate\":\"https:\\\/\\\/vinterbadefestival.dk\\\/de\\\/?s={search_term_string}\"},\"query-input\":{\"@type\":\"PropertyValueSpecification\",\"valueRequired\":true,\"valueName\":\"search_term_string\"}}],\"inLanguage\":\"de\"}]}<\/script>\n<!-- \/ Yoast SEO plugin. -->","yoast_head_json":{"title":"Beispielseite - Vinterbadefestival","robots":{"index":"index","follow":"follow","max-snippet":"max-snippet:-1","max-image-preview":"max-image-preview:large","max-video-preview":"max-video-preview:-1"},"canonical":"https:\/\/vinterbadefestival.dk\/de\/beispielseite\/","og_locale":"de_DE","og_type":"article","og_title":"Beispielseite - Vinterbadefestival","og_description":"Dies ist eine Beispielseite. Sie unterscheidet sich von einem Blogbeitrag, weil sie an einem Ort bleibt und in der Navigation Ihrer Website angezeigt wird (in den meisten Themes). Die meisten Menschen beginnen mit einer \u00dcber-Seite, auf der sie sich potenziellen Website-Besuchern vorstellen. Sie k\u00f6nnte zum Beispiel lauten: Hallo!!! Tags\u00fcber bin ich Fahrradkurier, nachts aufstrebender Schauspieler, [&hellip;]","og_url":"https:\/\/vinterbadefestival.dk\/de\/beispielseite\/","og_site_name":"Vinterbadefestival","article_modified_time":"2025-04-13T14:43:50+00:00","twitter_card":"summary_large_image","twitter_misc":{"Gesch\u00e4tzte Lesezeit":"1\u00a0Minute"},"schema":{"@context":"https:\/\/schema.org","@graph":[{"@type":"WebPage","@id":"https:\/\/vinterbadefestival.dk\/de\/beispielseite\/","url":"https:\/\/vinterbadefestival.dk\/de\/beispielseite\/","name":"Beispielseite - Vinterbadefestival","isPartOf":{"@id":"https:\/\/vinterbadefestival.dk\/de\/#website"},"datePublished":"2025-04-13T12:00:28+00:00","dateModified":"2025-04-13T14:43:50+00:00","breadcrumb":{"@id":"https:\/\/vinterbadefestival.dk\/de\/beispielseite\/#breadcrumb"},"inLanguage":"de","potentialAction":[{"@type":"ReadAction","target":["https:\/\/vinterbadefestival.dk\/de\/beispielseite\/"]}]},{"@type":"BreadcrumbList","@id":"https:\/\/vinterbadefestival.dk\/de\/beispielseite\/#breadcrumb","itemListElement":[{"@type":"ListItem","position":1,"name":"Hjem","item":"https:\/\/vinterbadefestival.dk\/de\/soendervig-winterschwimmfest\/"},{"@type":"ListItem","position":2,"name":"Beispielseite"}]},{"@type":"WebSite","@id":"https:\/\/vinterbadefestival.dk\/de\/#website","url":"https:\/\/vinterbadefestival.dk\/de\/","name":"Vinterbadefestival","description":"","potentialAction":[{"@type":"SearchAction","target":{"@type":"EntryPoint","urlTemplate":"https:\/\/vinterbadefestival.dk\/de\/?s={search_term_string}"},"query-input":{"@type":"PropertyValueSpecification","valueRequired":true,"valueName":"search_term_string"}}],"inLanguage":"de"}]}},"_links":{"self":[{"href":"https:\/\/vinterbadefestival.dk\/de\/wp-json\/wp\/v2\/pages\/443","targetHints":{"allow":["GET"]}}],"collection":[{"href":"https:\/\/vinterbadefestival.dk\/de\/wp-json\/wp\/v2\/pages"}],"about":[{"href":"https:\/\/vinterbadefestival.dk\/de\/wp-json\/wp\/v2\/types\/page"}],"author":[{"embeddable":true,"href":"https:\/\/vinterbadefestival.dk\/de\/wp-json\/wp\/v2\/users\/2"}],"replies":[{"embeddable":true,"href":"https:\/\/vinterbadefestival.dk\/de\/wp-json\/wp\/v2\/comments?post=443"}],"version-history":[{"count":1,"href":"https:\/\/vinterbadefestival.dk\/de\/wp-json\/wp\/v2\/pages\/443\/revisions"}],"predecessor-version":[{"id":444,"href":"https:\/\/vinterbadefestival.dk\/de\/wp-json\/wp\/v2\/pages\/443\/revisions\/444"}],"wp:attachment":[{"href":"https:\/\/vinterbadefestival.dk\/de\/wp-json\/wp\/v2\/media?parent=443"}],"curies":[{"name":"wp","href":"https:\/\/api.w.org\/{rel}","templated":true}]}}